{"id":1895,"date":"2025-01-29T13:44:03","date_gmt":"2025-01-29T13:44:03","guid":{"rendered":"https:\/\/santa-gema.somospecesvoladores.com\/?page_id=1895"},"modified":"2026-03-10T11:49:23","modified_gmt":"2026-03-10T10:49:23","slug":"proceso-de-admision","status":"publish","type":"page","link":"https:\/\/colegio-santagema.es\/en\/proceso-de-admision\/","title":{"rendered":"Proceso de admisi\u00f3n"},"content":{"rendered":"\t\t<div data-elementor-type=\"wp-page\" data-elementor-id=\"1895\" class=\"elementor elementor-1895\" data-elementor-settings=\"{&quot;ha_cmc_init_switcher&quot;:&quot;no&quot;}\" data-elementor-post-type=\"page\">\n\t\t\t\t<div class=\"elementor-element elementor-element-561e5df e-flex e-con-boxed e-con e-parent\" data-id=\"561e5df\" data-element_type=\"container\" data-e-type=\"container\" data-settings=\"{&quot;background_background&quot;:&quot;classic&quot;,&quot;shape_divider_bottom&quot;:&quot;waves&quot;,&quot;shape_divider_bottom_negative&quot;:&quot;yes&quot;,&quot;_ha_eqh_enable&quot;:false}\">\n\t\t\t\t\t<div class=\"e-con-inner\">\n\t\t\t\t<div class=\"elementor-shape elementor-shape-bottom\" aria-hidden=\"true\" data-negative=\"true\">\n\t\t\t<svg xmlns=\"http:\/\/www.w3.org\/2000\/svg\" viewBox=\"0 0 1000 100\" preserveAspectRatio=\"none\">\n\t<path class=\"elementor-shape-fill\" d=\"M790.5,93.1c-59.3-5.3-116.8-18-192.6-50c-29.6-12.7-76.9-31-100.5-35.9c-23.6-4.9-52.6-7.8-75.5-5.3\n\tc-10.2,1.1-22.6,1.4-50.1,7.4c-27.2,6.3-58.2,16.6-79.4,24.7c-41.3,15.9-94.9,21.9-134,22.6C72,58.2,0,25.8,0,25.8V100h1000V65.3\n\tc0,0-51.5,19.4-106.2,25.7C839.5,97,814.1,95.2,790.5,93.1z\"\/>\n<\/svg>\t\t<\/div>\n\t\t<div class=\"elementor-element elementor-element-0fd6262 e-con-full animated-slow e-flex elementor-invisible e-con e-child\" data-id=\"0fd6262\" data-element_type=\"container\" data-e-type=\"container\" data-settings=\"{&quot;animation&quot;:&quot;fadeInUp&quot;,&quot;_ha_eqh_enable&quot;:false}\">\n\t\t\t\t<div class=\"elementor-element elementor-element-599bd80 elementor-widget elementor-widget-heading\" data-id=\"599bd80\" data-element_type=\"widget\" data-e-type=\"widget\" data-widget_type=\"heading.default\">\n\t\t\t\t<div class=\"elementor-widget-container\">\n\t\t\t\t\t<h1 class=\"elementor-heading-title elementor-size-default\">PROCESO DE ADMISI\u00d3N<\/h1>\t\t\t\t<\/div>\n\t\t\t\t<\/div>\n\t\t\t\t<\/div>\n\t\t\t\t\t<\/div>\n\t\t\t\t<\/div>\n\t\t<div class=\"elementor-element elementor-element-643b9c0 e-flex e-con-boxed e-con e-parent\" data-id=\"643b9c0\" data-element_type=\"container\" data-e-type=\"container\" data-settings=\"{&quot;_ha_eqh_enable&quot;:false}\">\n\t\t\t\t\t<div class=\"e-con-inner\">\n\t\t<div class=\"elementor-element elementor-element-7a58519 e-con-full e-flex e-con e-child\" data-id=\"7a58519\" data-element_type=\"container\" data-e-type=\"container\" data-settings=\"{&quot;_ha_eqh_enable&quot;:false}\">\n\t\t<div class=\"elementor-element elementor-element-1cdc240 e-con-full e-flex e-con e-child\" data-id=\"1cdc240\" data-element_type=\"container\" data-e-type=\"container\" data-settings=\"{&quot;motion_fx_motion_fx_scrolling&quot;:&quot;yes&quot;,&quot;_ha_eqh_enable&quot;:false,&quot;motion_fx_devices&quot;:[&quot;desktop&quot;,&quot;tablet&quot;,&quot;mobile&quot;]}\">\n\t\t\t\t<div class=\"elementor-element elementor-element-0295aaf elementor-align-center elementor-widget elementor-widget-button\" data-id=\"0295aaf\" data-element_type=\"widget\" data-e-type=\"widget\" data-widget_type=\"button.default\">\n\t\t\t\t<div class=\"elementor-widget-container\">\n\t\t\t\t\t\t\t\t\t<div class=\"elementor-button-wrapper\">\n\t\t\t\t\t<a class=\"elementor-button elementor-button-link elementor-size-sm\" href=\"https:\/\/colegio-santagema.es\/wp-content\/uploads\/2026\/03\/Anexo_I._Plazas_vacantes_ofertadas_Publicable.pdf\" target=\"_blank\">\n\t\t\t\t\t\t<span class=\"elementor-button-content-wrapper\">\n\t\t\t\t\t\t\t\t\t<span class=\"elementor-button-text\">Vacantes Santa Gema 26\/27<\/span>\n\t\t\t\t\t<\/span>\n\t\t\t\t\t<\/a>\n\t\t\t\t<\/div>\n\t\t\t\t\t\t\t\t<\/div>\n\t\t\t\t<\/div>\n\t\t\t\t<\/div>\n\t\t<div class=\"elementor-element elementor-element-c44567b e-con-full e-flex e-con e-child\" data-id=\"c44567b\" data-element_type=\"container\" data-e-type=\"container\" data-settings=\"{&quot;motion_fx_motion_fx_scrolling&quot;:&quot;yes&quot;,&quot;_ha_eqh_enable&quot;:false,&quot;motion_fx_devices&quot;:[&quot;desktop&quot;,&quot;tablet&quot;,&quot;mobile&quot;]}\">\n\t\t\t\t<div class=\"elementor-element elementor-element-1416973 elementor-align-center elementor-widget elementor-widget-button\" data-id=\"1416973\" data-element_type=\"widget\" data-e-type=\"widget\" data-widget_type=\"button.default\">\n\t\t\t\t<div class=\"elementor-widget-container\">\n\t\t\t\t\t\t\t\t\t<div class=\"elementor-button-wrapper\">\n\t\t\t\t\t<a class=\"elementor-button elementor-button-link elementor-size-sm\" href=\"https:\/\/colegio-santagema.es\/wp-content\/uploads\/2026\/03\/Documento-admision.pdf\" target=\"_blank\">\n\t\t\t\t\t\t<span class=\"elementor-button-content-wrapper\">\n\t\t\t\t\t\t\t\t\t<span class=\"elementor-button-text\">Informaci\u00f3n b\u00e1sica del proceso de admisi\u00f3n<\/span>\n\t\t\t\t\t<\/span>\n\t\t\t\t\t<\/a>\n\t\t\t\t<\/div>\n\t\t\t\t\t\t\t\t<\/div>\n\t\t\t\t<\/div>\n\t\t\t\t<\/div>\n\t\t<div class=\"elementor-element elementor-element-6b0996b e-con-full e-flex e-con e-child\" data-id=\"6b0996b\" data-element_type=\"container\" data-e-type=\"container\" data-settings=\"{&quot;motion_fx_motion_fx_scrolling&quot;:&quot;yes&quot;,&quot;_ha_eqh_enable&quot;:false,&quot;motion_fx_devices&quot;:[&quot;desktop&quot;,&quot;tablet&quot;,&quot;mobile&quot;]}\">\n\t\t\t\t<div class=\"elementor-element elementor-element-8a65ddf elementor-align-center elementor-widget elementor-widget-button\" data-id=\"8a65ddf\" data-element_type=\"widget\" data-e-type=\"widget\" data-widget_type=\"button.default\">\n\t\t\t\t<div class=\"elementor-widget-container\">\n\t\t\t\t\t\t\t\t\t<div class=\"elementor-button-wrapper\">\n\t\t\t\t\t<a class=\"elementor-button elementor-button-link elementor-size-sm\" href=\"https:\/\/colegio-santagema.es\/wp-content\/uploads\/2025\/01\/Listado-correos-ED.pdf\" target=\"_blank\">\n\t\t\t\t\t\t<span class=\"elementor-button-content-wrapper\">\n\t\t\t\t\t\t\t\t\t<span class=\"elementor-button-text\">Listado de correos  Equipo Directivo<\/span>\n\t\t\t\t\t<\/span>\n\t\t\t\t\t<\/a>\n\t\t\t\t<\/div>\n\t\t\t\t\t\t\t\t<\/div>\n\t\t\t\t<\/div>\n\t\t\t\t<\/div>\n\t\t\t\t<\/div>\n\t\t\t\t\t<\/div>\n\t\t\t\t<\/div>\n\t\t\t\t<\/div>\n\t\t","protected":false},"excerpt":{"rendered":"<p>PROCESO DE ADMISI\u00d3N Vacantes Santa Gema 26\/27 Informaci\u00f3n b\u00e1sica del proceso de admisi\u00f3n Listado de correos Equipo Directivo<\/p>","protected":false},"author":1,"featured_media":58,"parent":0,"menu_order":22,"comment_status":"closed","ping_status":"closed","template":"","meta":{"_acf_changed":false,"om_disable_all_campaigns":false,"_joinchat":[],"footnotes":""},"class_list":["post-1895","page","type-page","status-publish","has-post-thumbnail","hentry"],"acf":[],"yoast_head":"<!-- This site is optimized with the Yoast SEO plugin v27.4 - https:\/\/yoast.com\/product\/yoast-seo-wordpress\/ -->\n<title>Proceso de admisi\u00f3n - Colegio Santa Gema Galgani<\/title>\n<meta name=\"description\" content=\"Conoce nuestro proceso de admisi\u00f3n: requisitos, fechas clave y pasos para formar parte de nuestra comunidad educativa.\" \/>\n<meta name=\"robots\" content=\"index, follow, max-snippet:-1, max-image-preview:large, max-video-preview:-1\" \/>\n<link rel=\"canonical\" href=\"https:\/\/colegio-santagema.es\/en\/proceso-de-admision\/\" \/>\n<meta property=\"og:locale\" content=\"en_GB\" \/>\n<meta property=\"og:type\" content=\"article\" \/>\n<meta property=\"og:title\" content=\"Proceso de admisi\u00f3n - Colegio Santa Gema Galgani\" \/>\n<meta property=\"og:description\" content=\"Conoce nuestro proceso de admisi\u00f3n: requisitos, fechas clave y pasos para formar parte de nuestra comunidad educativa.\" \/>\n<meta property=\"og:url\" content=\"https:\/\/colegio-santagema.es\/en\/proceso-de-admision\/\" \/>\n<meta property=\"og:site_name\" content=\"Colegio Santa Gema Galgani\" \/>\n<meta property=\"article:publisher\" content=\"https:\/\/www.facebook.com\/colegiosantagema\" \/>\n<meta property=\"article:modified_time\" content=\"2026-03-10T10:49:23+00:00\" \/>\n<meta property=\"og:image\" content=\"https:\/\/colegio-santagema.es\/wp-content\/uploads\/2024\/12\/cropped-Logo-Santa-Gema.png\" \/>\n\t<meta property=\"og:image:width\" content=\"512\" \/>\n\t<meta property=\"og:image:height\" content=\"512\" \/>\n\t<meta property=\"og:image:type\" content=\"image\/png\" \/>\n<meta name=\"twitter:card\" content=\"summary_large_image\" \/>\n<meta name=\"twitter:site\" content=\"@ColeSantaGema\" \/>\n<meta name=\"twitter:label1\" content=\"Estimated reading time\" \/>\n\t<meta name=\"twitter:data1\" content=\"1 minute\" \/>\n<script type=\"application\/ld+json\" class=\"yoast-schema-graph\">{\"@context\":\"https:\\\/\\\/schema.org\",\"@graph\":[{\"@type\":\"WebPage\",\"@id\":\"https:\\\/\\\/colegio-santagema.es\\\/proceso-de-admision\\\/\",\"url\":\"https:\\\/\\\/colegio-santagema.es\\\/proceso-de-admision\\\/\",\"name\":\"Proceso de admisi\u00f3n - Colegio Santa Gema Galgani\",\"isPartOf\":{\"@id\":\"https:\\\/\\\/colegio-santagema.es\\\/#website\"},\"primaryImageOfPage\":{\"@id\":\"https:\\\/\\\/colegio-santagema.es\\\/proceso-de-admision\\\/#primaryimage\"},\"image\":{\"@id\":\"https:\\\/\\\/colegio-santagema.es\\\/proceso-de-admision\\\/#primaryimage\"},\"thumbnailUrl\":\"https:\\\/\\\/colegio-santagema.es\\\/wp-content\\\/uploads\\\/2024\\\/12\\\/cropped-Logo-Santa-Gema.png\",\"datePublished\":\"2025-01-29T13:44:03+00:00\",\"dateModified\":\"2026-03-10T10:49:23+00:00\",\"description\":\"Conoce nuestro proceso de admisi\u00f3n: requisitos, fechas clave y pasos para formar parte de nuestra comunidad educativa.\",\"breadcrumb\":{\"@id\":\"https:\\\/\\\/colegio-santagema.es\\\/proceso-de-admision\\\/#breadcrumb\"},\"inLanguage\":\"en-GB\",\"potentialAction\":[{\"@type\":\"ReadAction\",\"target\":[\"https:\\\/\\\/colegio-santagema.es\\\/proceso-de-admision\\\/\"]}]},{\"@type\":\"ImageObject\",\"inLanguage\":\"en-GB\",\"@id\":\"https:\\\/\\\/colegio-santagema.es\\\/proceso-de-admision\\\/#primaryimage\",\"url\":\"https:\\\/\\\/colegio-santagema.es\\\/wp-content\\\/uploads\\\/2024\\\/12\\\/cropped-Logo-Santa-Gema.png\",\"contentUrl\":\"https:\\\/\\\/colegio-santagema.es\\\/wp-content\\\/uploads\\\/2024\\\/12\\\/cropped-Logo-Santa-Gema.png\",\"width\":512,\"height\":512,\"caption\":\"Logo Santa Gema\"},{\"@type\":\"BreadcrumbList\",\"@id\":\"https:\\\/\\\/colegio-santagema.es\\\/proceso-de-admision\\\/#breadcrumb\",\"itemListElement\":[{\"@type\":\"ListItem\",\"position\":1,\"name\":\"Portada\",\"item\":\"https:\\\/\\\/colegio-santagema.es\\\/\"},{\"@type\":\"ListItem\",\"position\":2,\"name\":\"Proceso de admisi\u00f3n\"}]},{\"@type\":\"WebSite\",\"@id\":\"https:\\\/\\\/colegio-santagema.es\\\/#website\",\"url\":\"https:\\\/\\\/colegio-santagema.es\\\/\",\"name\":\"Colegio Santa Gema Galgani\",\"description\":\"Un colegio vivo que afronta el continuo cambio de la sociedad actual.\",\"publisher\":{\"@id\":\"https:\\\/\\\/colegio-santagema.es\\\/#organization\"},\"potentialAction\":[{\"@type\":\"SearchAction\",\"target\":{\"@type\":\"EntryPoint\",\"urlTemplate\":\"https:\\\/\\\/colegio-santagema.es\\\/?s={search_term_string}\"},\"query-input\":{\"@type\":\"PropertyValueSpecification\",\"valueRequired\":true,\"valueName\":\"search_term_string\"}}],\"inLanguage\":\"en-GB\"},{\"@type\":\"Organization\",\"@id\":\"https:\\\/\\\/colegio-santagema.es\\\/#organization\",\"name\":\"Colegio Santa Gema Galgani\",\"url\":\"https:\\\/\\\/colegio-santagema.es\\\/\",\"logo\":{\"@type\":\"ImageObject\",\"inLanguage\":\"en-GB\",\"@id\":\"https:\\\/\\\/colegio-santagema.es\\\/#\\\/schema\\\/logo\\\/image\\\/\",\"url\":\"https:\\\/\\\/colegio-santagema.es\\\/wp-content\\\/uploads\\\/2024\\\/12\\\/cropped-Logo-Santa-Gema.png\",\"contentUrl\":\"https:\\\/\\\/colegio-santagema.es\\\/wp-content\\\/uploads\\\/2024\\\/12\\\/cropped-Logo-Santa-Gema.png\",\"width\":512,\"height\":512,\"caption\":\"Colegio Santa Gema Galgani\"},\"image\":{\"@id\":\"https:\\\/\\\/colegio-santagema.es\\\/#\\\/schema\\\/logo\\\/image\\\/\"},\"sameAs\":[\"https:\\\/\\\/www.facebook.com\\\/colegiosantagema\",\"https:\\\/\\\/x.com\\\/ColeSantaGema\",\"https:\\\/\\\/www.instagram.com\\\/colegiosantagema\\\/\",\"https:\\\/\\\/www.linkedin.com\\\/company\\\/colegio-santa-gema-galgani\\\/\"]}]}<\/script>\n<!-- \/ Yoast SEO plugin. -->","yoast_head_json":{"title":"Proceso de admisi\u00f3n - Colegio Santa Gema Galgani","description":"Conoce nuestro proceso de admisi\u00f3n: requisitos, fechas clave y pasos para formar parte de nuestra comunidad educativa.","robots":{"index":"index","follow":"follow","max-snippet":"max-snippet:-1","max-image-preview":"max-image-preview:large","max-video-preview":"max-video-preview:-1"},"canonical":"https:\/\/colegio-santagema.es\/en\/proceso-de-admision\/","og_locale":"en_GB","og_type":"article","og_title":"Proceso de admisi\u00f3n - Colegio Santa Gema Galgani","og_description":"Conoce nuestro proceso de admisi\u00f3n: requisitos, fechas clave y pasos para formar parte de nuestra comunidad educativa.","og_url":"https:\/\/colegio-santagema.es\/en\/proceso-de-admision\/","og_site_name":"Colegio Santa Gema Galgani","article_publisher":"https:\/\/www.facebook.com\/colegiosantagema","article_modified_time":"2026-03-10T10:49:23+00:00","og_image":[{"width":512,"height":512,"url":"https:\/\/colegio-santagema.es\/wp-content\/uploads\/2024\/12\/cropped-Logo-Santa-Gema.png","type":"image\/png"}],"twitter_card":"summary_large_image","twitter_site":"@ColeSantaGema","twitter_misc":{"Estimated reading time":"1 minute"},"schema":{"@context":"https:\/\/schema.org","@graph":[{"@type":"WebPage","@id":"https:\/\/colegio-santagema.es\/proceso-de-admision\/","url":"https:\/\/colegio-santagema.es\/proceso-de-admision\/","name":"Proceso de admisi\u00f3n - Colegio Santa Gema Galgani","isPartOf":{"@id":"https:\/\/colegio-santagema.es\/#website"},"primaryImageOfPage":{"@id":"https:\/\/colegio-santagema.es\/proceso-de-admision\/#primaryimage"},"image":{"@id":"https:\/\/colegio-santagema.es\/proceso-de-admision\/#primaryimage"},"thumbnailUrl":"https:\/\/colegio-santagema.es\/wp-content\/uploads\/2024\/12\/cropped-Logo-Santa-Gema.png","datePublished":"2025-01-29T13:44:03+00:00","dateModified":"2026-03-10T10:49:23+00:00","description":"Conoce nuestro proceso de admisi\u00f3n: requisitos, fechas clave y pasos para formar parte de nuestra comunidad educativa.","breadcrumb":{"@id":"https:\/\/colegio-santagema.es\/proceso-de-admision\/#breadcrumb"},"inLanguage":"en-GB","potentialAction":[{"@type":"ReadAction","target":["https:\/\/colegio-santagema.es\/proceso-de-admision\/"]}]},{"@type":"ImageObject","inLanguage":"en-GB","@id":"https:\/\/colegio-santagema.es\/proceso-de-admision\/#primaryimage","url":"https:\/\/colegio-santagema.es\/wp-content\/uploads\/2024\/12\/cropped-Logo-Santa-Gema.png","contentUrl":"https:\/\/colegio-santagema.es\/wp-content\/uploads\/2024\/12\/cropped-Logo-Santa-Gema.png","width":512,"height":512,"caption":"Logo Santa Gema"},{"@type":"BreadcrumbList","@id":"https:\/\/colegio-santagema.es\/proceso-de-admision\/#breadcrumb","itemListElement":[{"@type":"ListItem","position":1,"name":"Portada","item":"https:\/\/colegio-santagema.es\/"},{"@type":"ListItem","position":2,"name":"Proceso de admisi\u00f3n"}]},{"@type":"WebSite","@id":"https:\/\/colegio-santagema.es\/#website","url":"https:\/\/colegio-santagema.es\/","name":"Colegio Santa Gema Galgani","description":"Un colegio vivo que afronta el continuo cambio de la sociedad actual.","publisher":{"@id":"https:\/\/colegio-santagema.es\/#organization"},"potentialAction":[{"@type":"SearchAction","target":{"@type":"EntryPoint","urlTemplate":"https:\/\/colegio-santagema.es\/?s={search_term_string}"},"query-input":{"@type":"PropertyValueSpecification","valueRequired":true,"valueName":"search_term_string"}}],"inLanguage":"en-GB"},{"@type":"Organization","@id":"https:\/\/colegio-santagema.es\/#organization","name":"Colegio Santa Gema Galgani","url":"https:\/\/colegio-santagema.es\/","logo":{"@type":"ImageObject","inLanguage":"en-GB","@id":"https:\/\/colegio-santagema.es\/#\/schema\/logo\/image\/","url":"https:\/\/colegio-santagema.es\/wp-content\/uploads\/2024\/12\/cropped-Logo-Santa-Gema.png","contentUrl":"https:\/\/colegio-santagema.es\/wp-content\/uploads\/2024\/12\/cropped-Logo-Santa-Gema.png","width":512,"height":512,"caption":"Colegio Santa Gema Galgani"},"image":{"@id":"https:\/\/colegio-santagema.es\/#\/schema\/logo\/image\/"},"sameAs":["https:\/\/www.facebook.com\/colegiosantagema","https:\/\/x.com\/ColeSantaGema","https:\/\/www.instagram.com\/colegiosantagema\/","https:\/\/www.linkedin.com\/company\/colegio-santa-gema-galgani\/"]}]}},"_links":{"self":[{"href":"https:\/\/colegio-santagema.es\/en\/wp-json\/wp\/v2\/pages\/1895","targetHints":{"allow":["GET"]}}],"collection":[{"href":"https:\/\/colegio-santagema.es\/en\/wp-json\/wp\/v2\/pages"}],"about":[{"href":"https:\/\/colegio-santagema.es\/en\/wp-json\/wp\/v2\/types\/page"}],"author":[{"embeddable":true,"href":"https:\/\/colegio-santagema.es\/en\/wp-json\/wp\/v2\/users\/1"}],"replies":[{"embeddable":true,"href":"https:\/\/colegio-santagema.es\/en\/wp-json\/wp\/v2\/comments?post=1895"}],"version-history":[{"count":0,"href":"https:\/\/colegio-santagema.es\/en\/wp-json\/wp\/v2\/pages\/1895\/revisions"}],"wp:featuredmedia":[{"embeddable":true,"href":"https:\/\/colegio-santagema.es\/en\/wp-json\/wp\/v2\/media\/58"}],"wp:attachment":[{"href":"https:\/\/colegio-santagema.es\/en\/wp-json\/wp\/v2\/media?parent=1895"}],"curies":[{"name":"wp","href":"https:\/\/api.w.org\/{rel}","templated":true}]}}