{"id":1592,"date":"2025-01-16T10:38:16","date_gmt":"2025-01-16T10:38:16","guid":{"rendered":"https:\/\/santa-gema.somospecesvoladores.com\/?page_id=1592"},"modified":"2025-10-03T07:37:09","modified_gmt":"2025-10-03T07:37:09","slug":"uniforme-colegio","status":"publish","type":"page","link":"https:\/\/colegio-santagema.es\/en\/actividades-y-servicios\/uniforme-colegio\/","title":{"rendered":"Uniform"},"content":{"rendered":"\t\t<div data-elementor-type=\"wp-page\" data-elementor-id=\"1592\" class=\"elementor elementor-1592\" data-elementor-settings=\"{&quot;ha_cmc_init_switcher&quot;:&quot;no&quot;}\" data-elementor-post-type=\"page\">\n\t\t\t\t<div class=\"elementor-element elementor-element-f898724 e-flex e-con-boxed e-con e-parent\" data-id=\"f898724\" data-element_type=\"container\" data-e-type=\"container\" data-settings=\"{&quot;background_background&quot;:&quot;classic&quot;,&quot;shape_divider_bottom&quot;:&quot;waves&quot;,&quot;shape_divider_bottom_negative&quot;:&quot;yes&quot;,&quot;_ha_eqh_enable&quot;:false}\">\n\t\t\t\t\t<div class=\"e-con-inner\">\n\t\t\t\t<div class=\"elementor-shape elementor-shape-bottom\" aria-hidden=\"true\" data-negative=\"true\">\n\t\t\t<svg xmlns=\"http:\/\/www.w3.org\/2000\/svg\" viewBox=\"0 0 1000 100\" preserveAspectRatio=\"none\">\n\t<path class=\"elementor-shape-fill\" d=\"M790.5,93.1c-59.3-5.3-116.8-18-192.6-50c-29.6-12.7-76.9-31-100.5-35.9c-23.6-4.9-52.6-7.8-75.5-5.3\n\tc-10.2,1.1-22.6,1.4-50.1,7.4c-27.2,6.3-58.2,16.6-79.4,24.7c-41.3,15.9-94.9,21.9-134,22.6C72,58.2,0,25.8,0,25.8V100h1000V65.3\n\tc0,0-51.5,19.4-106.2,25.7C839.5,97,814.1,95.2,790.5,93.1z\"\/>\n<\/svg>\t\t<\/div>\n\t\t<div class=\"elementor-element elementor-element-354435f e-con-full animated-slow e-flex elementor-invisible e-con e-child\" data-id=\"354435f\" data-element_type=\"container\" data-e-type=\"container\" data-settings=\"{&quot;animation&quot;:&quot;fadeInUp&quot;,&quot;_ha_eqh_enable&quot;:false}\">\n\t\t\t\t<div class=\"elementor-element elementor-element-a49fb6d elementor-widget elementor-widget-heading\" data-id=\"a49fb6d\" data-element_type=\"widget\" data-e-type=\"widget\" data-widget_type=\"heading.default\">\n\t\t\t\t<div class=\"elementor-widget-container\">\n\t\t\t\t\t<h1 class=\"elementor-heading-title elementor-size-default\">UNIFORME<\/h1>\t\t\t\t<\/div>\n\t\t\t\t<\/div>\n\t\t\t\t<\/div>\n\t\t\t\t\t<\/div>\n\t\t\t\t<\/div>\n\t\t<div class=\"elementor-element elementor-element-f08d683 e-flex e-con-boxed e-con e-parent\" data-id=\"f08d683\" data-element_type=\"container\" data-e-type=\"container\" data-settings=\"{&quot;_ha_eqh_enable&quot;:false}\">\n\t\t\t\t\t<div class=\"e-con-inner\">\n\t\t<div class=\"elementor-element elementor-element-c38acd4 e-con-full e-flex e-con e-child\" data-id=\"c38acd4\" data-element_type=\"container\" data-e-type=\"container\" data-settings=\"{&quot;_ha_eqh_enable&quot;:false}\">\n\t\t<div class=\"elementor-element elementor-element-4e2c38f e-con-full e-flex e-con e-child\" data-id=\"4e2c38f\" data-element_type=\"container\" data-e-type=\"container\" data-settings=\"{&quot;motion_fx_motion_fx_scrolling&quot;:&quot;yes&quot;,&quot;_ha_eqh_enable&quot;:false,&quot;motion_fx_devices&quot;:[&quot;desktop&quot;,&quot;tablet&quot;,&quot;mobile&quot;]}\">\n\t\t\t\t<div class=\"elementor-element elementor-element-9e4459c elementor-widget elementor-widget-text-editor\" data-id=\"9e4459c\" data-element_type=\"widget\" data-e-type=\"widget\" data-widget_type=\"text-editor.default\">\n\t\t\t\t<div class=\"elementor-widget-container\">\n\t\t\t\t\t\t\t\t\t<p>El uniforme: identidad, igualdad y valores compartidos<\/p><p>El uniforme escolar es un s\u00edmbolo que representa la uni\u00f3n y pertenencia de todos los alumnos al Colegio, as\u00ed como su v\u00ednculo con los profesores y con los valores que nos definen como comunidad educativa. M\u00e1s all\u00e1 de ser una simple vestimenta, el uniforme aporta una identidad propia que nos une y nos diferencia.<\/p><p>Llevar el uniforme no solo implica seguir un c\u00f3digo de vestimenta, sino que tambi\u00e9n fomenta el respeto, la dignidad y la correcci\u00f3n en el comportamiento, tanto dentro como fuera del centro. Es un recordatorio visible de los valores que promovemos y una invitaci\u00f3n constante a actuar con responsabilidad y orgullo.<\/p><p>Adem\u00e1s, el uniforme elimina diferencias externas, favoreciendo la igualdad entre los alumnos. De esta forma, se pone el foco en lo verdaderamente importante: la riqueza de cada persona por lo que es, y no por lo que lleva puesto. As\u00ed, el uniforme se convierte en una herramienta para crecer en comunidad, respeto e identidad compartida.<\/p>\t\t\t\t\t\t\t\t<\/div>\n\t\t\t\t<\/div>\n\t\t\t\t<\/div>\n\t\t\t\t<\/div>\n\t\t\t\t\t<\/div>\n\t\t\t\t<\/div>\n\t\t<div class=\"elementor-element elementor-element-5e71fcb e-flex e-con-boxed e-con e-parent\" data-id=\"5e71fcb\" data-element_type=\"container\" data-e-type=\"container\" data-settings=\"{&quot;_ha_eqh_enable&quot;:false}\">\n\t\t\t\t\t<div class=\"e-con-inner\">\n\t\t<div class=\"elementor-element elementor-element-305eae1 e-con-full e-flex e-con e-child\" data-id=\"305eae1\" data-element_type=\"container\" data-e-type=\"container\" data-settings=\"{&quot;_ha_eqh_enable&quot;:false}\">\n\t\t<div class=\"elementor-element elementor-element-76f71a3 e-con-full e-flex e-con e-child\" data-id=\"76f71a3\" data-element_type=\"container\" data-e-type=\"container\" data-settings=\"{&quot;_ha_eqh_enable&quot;:false}\">\n\t\t\t\t<div class=\"elementor-element elementor-element-0bca109 elementor-widget elementor-widget-image\" data-id=\"0bca109\" data-element_type=\"widget\" data-e-type=\"widget\" data-widget_type=\"image.default\">\n\t\t\t\t<div class=\"elementor-widget-container\">\n\t\t\t\t\t\t\t\t\t\t\t\t\t\t\t\t<a href=\"https:\/\/santa-gema.somospecesvoladores.com\/wp-content\/uploads\/2025\/02\/UNIF.png\" data-elementor-open-lightbox=\"yes\" data-elementor-lightbox-title=\"UNIF\" data-e-action-hash=\"#elementor-action%3Aaction%3Dlightbox%26settings%3DeyJpZCI6MjY3OCwidXJsIjoiaHR0cHM6XC9cL2NvbGVnaW8tc2FudGFnZW1hLmVzXC93cC1jb250ZW50XC91cGxvYWRzXC8yMDI1XC8wMlwvVU5JRi5wbmcifQ%3D%3D\">\n\t\t\t\t\t\t\t<img fetchpriority=\"high\" decoding=\"async\" width=\"1706\" height=\"1189\" src=\"https:\/\/colegio-santagema.es\/wp-content\/uploads\/2025\/02\/UNIF.png\" class=\"elementor-animation-grow attachment-full size-full wp-image-2678\" alt=\"\" srcset=\"https:\/\/colegio-santagema.es\/wp-content\/uploads\/2025\/02\/UNIF.png 1706w, https:\/\/colegio-santagema.es\/wp-content\/uploads\/2025\/02\/UNIF-300x209.png 300w, https:\/\/colegio-santagema.es\/wp-content\/uploads\/2025\/02\/UNIF-1024x714.png 1024w, https:\/\/colegio-santagema.es\/wp-content\/uploads\/2025\/02\/UNIF-768x535.png 768w, https:\/\/colegio-santagema.es\/wp-content\/uploads\/2025\/02\/UNIF-1536x1071.png 1536w\" sizes=\"(max-width: 1706px) 100vw, 1706px\" \/>\t\t\t\t\t\t\t\t<\/a>\n\t\t\t\t\t\t\t\t\t\t\t\t\t\t\t<\/div>\n\t\t\t\t<\/div>\n\t\t\t\t<div class=\"elementor-element elementor-element-42d587f elementor-widget elementor-widget-heading\" data-id=\"42d587f\" data-element_type=\"widget\" data-e-type=\"widget\" data-widget_type=\"heading.default\">\n\t\t\t\t<div class=\"elementor-widget-container\">\n\t\t\t\t\t<h2 class=\"elementor-heading-title elementor-size-default\">UNIFORME\n<\/h2>\t\t\t\t<\/div>\n\t\t\t\t<\/div>\n\t\t\t\t<\/div>\n\t\t<div class=\"elementor-element elementor-element-7f3b5ef e-con-full e-flex e-con e-child\" data-id=\"7f3b5ef\" data-element_type=\"container\" data-e-type=\"container\" data-settings=\"{&quot;_ha_eqh_enable&quot;:false}\">\n\t\t\t\t<div class=\"elementor-element elementor-element-b652b99 elementor-widget elementor-widget-image\" data-id=\"b652b99\" data-element_type=\"widget\" data-e-type=\"widget\" data-widget_type=\"image.default\">\n\t\t\t\t<div class=\"elementor-widget-container\">\n\t\t\t\t\t\t\t\t\t\t\t\t\t\t\t<img decoding=\"async\" width=\"1706\" height=\"1189\" data-src=\"https:\/\/colegio-santagema.es\/wp-content\/uploads\/2025\/02\/EDFISICA.png\" class=\"elementor-animation-grow attachment-full size-full wp-image-2676 lazyload\" alt=\"\" data-srcset=\"https:\/\/colegio-santagema.es\/wp-content\/uploads\/2025\/02\/EDFISICA.png 1706w, https:\/\/colegio-santagema.es\/wp-content\/uploads\/2025\/02\/EDFISICA-300x209.png 300w, https:\/\/colegio-santagema.es\/wp-content\/uploads\/2025\/02\/EDFISICA-1024x714.png 1024w, https:\/\/colegio-santagema.es\/wp-content\/uploads\/2025\/02\/EDFISICA-768x535.png 768w, https:\/\/colegio-santagema.es\/wp-content\/uploads\/2025\/02\/EDFISICA-1536x1071.png 1536w\" data-sizes=\"(max-width: 1706px) 100vw, 1706px\" src=\"data:image\/svg+xml;base64,PHN2ZyB3aWR0aD0iMSIgaGVpZ2h0PSIxIiB4bWxucz0iaHR0cDovL3d3dy53My5vcmcvMjAwMC9zdmciPjwvc3ZnPg==\" style=\"--smush-placeholder-width: 1706px; --smush-placeholder-aspect-ratio: 1706\/1189;\" \/>\t\t\t\t\t\t\t\t\t\t\t\t\t\t\t<\/div>\n\t\t\t\t<\/div>\n\t\t\t\t<div class=\"elementor-element elementor-element-bb6612e elementor-widget elementor-widget-heading\" data-id=\"bb6612e\" data-element_type=\"widget\" data-e-type=\"widget\" data-widget_type=\"heading.default\">\n\t\t\t\t<div class=\"elementor-widget-container\">\n\t\t\t\t\t<h2 class=\"elementor-heading-title elementor-size-default\">UNIFORME EDUCACI\u00d3N F\u00cdSICA\n<\/h2>\t\t\t\t<\/div>\n\t\t\t\t<\/div>\n\t\t\t\t<\/div>\n\t\t\t\t<\/div>\n\t\t<div class=\"elementor-element elementor-element-7f03448 e-con-full e-flex e-con e-child\" data-id=\"7f03448\" data-element_type=\"container\" data-e-type=\"container\" data-settings=\"{&quot;_ha_eqh_enable&quot;:false}\">\n\t\t<div class=\"elementor-element elementor-element-751abb8 e-con-full e-flex e-con e-child\" data-id=\"751abb8\" data-element_type=\"container\" data-e-type=\"container\" data-settings=\"{&quot;_ha_eqh_enable&quot;:false}\">\n\t\t\t\t<div class=\"elementor-element elementor-element-4cc5295 elementor-widget elementor-widget-image\" data-id=\"4cc5295\" data-element_type=\"widget\" data-e-type=\"widget\" data-widget_type=\"image.default\">\n\t\t\t\t<div class=\"elementor-widget-container\">\n\t\t\t\t\t\t\t\t\t\t\t\t\t\t\t<img decoding=\"async\" width=\"1706\" height=\"1189\" data-src=\"https:\/\/colegio-santagema.es\/wp-content\/uploads\/2025\/02\/INF.png\" class=\"elementor-animation-grow attachment-full size-full wp-image-2679 lazyload\" alt=\"\" data-srcset=\"https:\/\/colegio-santagema.es\/wp-content\/uploads\/2025\/02\/INF.png 1706w, https:\/\/colegio-santagema.es\/wp-content\/uploads\/2025\/02\/INF-300x209.png 300w, https:\/\/colegio-santagema.es\/wp-content\/uploads\/2025\/02\/INF-1024x714.png 1024w, https:\/\/colegio-santagema.es\/wp-content\/uploads\/2025\/02\/INF-768x535.png 768w, https:\/\/colegio-santagema.es\/wp-content\/uploads\/2025\/02\/INF-1536x1071.png 1536w\" data-sizes=\"(max-width: 1706px) 100vw, 1706px\" src=\"data:image\/svg+xml;base64,PHN2ZyB3aWR0aD0iMSIgaGVpZ2h0PSIxIiB4bWxucz0iaHR0cDovL3d3dy53My5vcmcvMjAwMC9zdmciPjwvc3ZnPg==\" style=\"--smush-placeholder-width: 1706px; --smush-placeholder-aspect-ratio: 1706\/1189;\" \/>\t\t\t\t\t\t\t\t\t\t\t\t\t\t\t<\/div>\n\t\t\t\t<\/div>\n\t\t\t\t<div class=\"elementor-element elementor-element-ac6eb92 elementor-widget elementor-widget-heading\" data-id=\"ac6eb92\" data-element_type=\"widget\" data-e-type=\"widget\" data-widget_type=\"heading.default\">\n\t\t\t\t<div class=\"elementor-widget-container\">\n\t\t\t\t\t<h2 class=\"elementor-heading-title elementor-size-default\">UNIFORME EDUACI\u00d3N INFANTIL\n\n<\/h2>\t\t\t\t<\/div>\n\t\t\t\t<\/div>\n\t\t\t\t<\/div>\n\t\t<div class=\"elementor-element elementor-element-17e99be e-con-full e-flex e-con e-child\" data-id=\"17e99be\" data-element_type=\"container\" data-e-type=\"container\" data-settings=\"{&quot;_ha_eqh_enable&quot;:false}\">\n\t\t\t\t<div class=\"elementor-element elementor-element-853cc07 elementor-widget elementor-widget-image\" data-id=\"853cc07\" data-element_type=\"widget\" data-e-type=\"widget\" data-widget_type=\"image.default\">\n\t\t\t\t<div class=\"elementor-widget-container\">\n\t\t\t\t\t\t\t\t\t\t\t\t\t\t\t<img decoding=\"async\" width=\"1706\" height=\"1189\" data-src=\"https:\/\/colegio-santagema.es\/wp-content\/uploads\/2025\/02\/NAT.png\" class=\"elementor-animation-grow attachment-full size-full wp-image-2677 lazyload\" alt=\"\" data-srcset=\"https:\/\/colegio-santagema.es\/wp-content\/uploads\/2025\/02\/NAT.png 1706w, https:\/\/colegio-santagema.es\/wp-content\/uploads\/2025\/02\/NAT-300x209.png 300w, https:\/\/colegio-santagema.es\/wp-content\/uploads\/2025\/02\/NAT-1024x714.png 1024w, https:\/\/colegio-santagema.es\/wp-content\/uploads\/2025\/02\/NAT-768x535.png 768w, https:\/\/colegio-santagema.es\/wp-content\/uploads\/2025\/02\/NAT-1536x1071.png 1536w\" data-sizes=\"(max-width: 1706px) 100vw, 1706px\" src=\"data:image\/svg+xml;base64,PHN2ZyB3aWR0aD0iMSIgaGVpZ2h0PSIxIiB4bWxucz0iaHR0cDovL3d3dy53My5vcmcvMjAwMC9zdmciPjwvc3ZnPg==\" style=\"--smush-placeholder-width: 1706px; --smush-placeholder-aspect-ratio: 1706\/1189;\" \/>\t\t\t\t\t\t\t\t\t\t\t\t\t\t\t<\/div>\n\t\t\t\t<\/div>\n\t\t\t\t<div class=\"elementor-element elementor-element-b365384 elementor-widget elementor-widget-heading\" data-id=\"b365384\" data-element_type=\"widget\" data-e-type=\"widget\" data-widget_type=\"heading.default\">\n\t\t\t\t<div class=\"elementor-widget-container\">\n\t\t\t\t\t<h2 class=\"elementor-heading-title elementor-size-default\">UNIFORME NATACI\u00d3N\n\n<\/h2>\t\t\t\t<\/div>\n\t\t\t\t<\/div>\n\t\t\t\t<\/div>\n\t\t\t\t<\/div>\n\t\t\t\t\t<\/div>\n\t\t\t\t<\/div>\n\t\t\t\t<\/div>\n\t\t","protected":false},"excerpt":{"rendered":"<p>UNIFORME El uniforme: identidad, igualdad y valores compartidos El uniforme escolar es un s\u00edmbolo que representa la uni\u00f3n y pertenencia de todos los alumnos al Colegio, as\u00ed como su v\u00ednculo con los profesores y con los valores que nos definen como comunidad educativa. M\u00e1s all\u00e1 de ser una simple vestimenta, el uniforme aporta una identidad [&hellip;]<\/p>\n","protected":false},"author":1,"featured_media":1617,"parent":1309,"menu_order":5,"comment_status":"closed","ping_status":"closed","template":"","meta":{"_acf_changed":false,"om_disable_all_campaigns":false,"_joinchat":[],"footnotes":""},"class_list":["post-1592","page","type-page","status-publish","has-post-thumbnail","hentry"],"acf":[],"yoast_head":"<!-- This site is optimized with the Yoast SEO plugin v27.3 - https:\/\/yoast.com\/product\/yoast-seo-wordpress\/ -->\n<title>Uniforme del Colegio Santa Gema | Identidad y Comodidad para Estudiantes<\/title>\n<meta name=\"description\" content=\"El uniforme del Colegio Santa Gema refleja identidad y comodidad, acompa\u00f1ando a los alumnos en su vida escolar.\" \/>\n<meta name=\"robots\" content=\"index, follow, max-snippet:-1, max-image-preview:large, max-video-preview:-1\" \/>\n<link rel=\"canonical\" href=\"https:\/\/colegio-santagema.es\/en\/actividades-y-servicios\/uniforme-colegio\/\" \/>\n<meta property=\"og:locale\" content=\"en_GB\" \/>\n<meta property=\"og:type\" content=\"article\" \/>\n<meta property=\"og:title\" content=\"Uniforme del Colegio Santa Gema | Identidad y Comodidad para Estudiantes\" \/>\n<meta property=\"og:description\" content=\"El uniforme del Colegio Santa Gema refleja identidad y comodidad, acompa\u00f1ando a los alumnos en su vida escolar.\" \/>\n<meta property=\"og:url\" content=\"https:\/\/colegio-santagema.es\/en\/actividades-y-servicios\/uniforme-colegio\/\" \/>\n<meta property=\"og:site_name\" content=\"Colegio Santa Gema Galgani\" \/>\n<meta property=\"article:publisher\" content=\"https:\/\/www.facebook.com\/colegiosantagema\" \/>\n<meta property=\"article:modified_time\" content=\"2025-10-03T07:37:09+00:00\" \/>\n<meta property=\"og:image\" content=\"https:\/\/colegio-santagema.es\/wp-content\/uploads\/2025\/01\/UNIF.png\" \/>\n\t<meta property=\"og:image:width\" content=\"1706\" \/>\n\t<meta property=\"og:image:height\" content=\"1189\" \/>\n\t<meta property=\"og:image:type\" content=\"image\/png\" \/>\n<meta name=\"twitter:card\" content=\"summary_large_image\" \/>\n<meta name=\"twitter:site\" content=\"@ColeSantaGema\" \/>\n<meta name=\"twitter:label1\" content=\"Estimated reading time\" \/>\n\t<meta name=\"twitter:data1\" content=\"2 minutes\" \/>\n<script type=\"application\/ld+json\" class=\"yoast-schema-graph\">{\"@context\":\"https:\\\/\\\/schema.org\",\"@graph\":[{\"@type\":\"WebPage\",\"@id\":\"https:\\\/\\\/colegio-santagema.es\\\/actividades-y-servicios\\\/uniforme-colegio\\\/\",\"url\":\"https:\\\/\\\/colegio-santagema.es\\\/actividades-y-servicios\\\/uniforme-colegio\\\/\",\"name\":\"Uniforme del Colegio Santa Gema | Identidad y Comodidad para Estudiantes\",\"isPartOf\":{\"@id\":\"https:\\\/\\\/colegio-santagema.es\\\/#website\"},\"primaryImageOfPage\":{\"@id\":\"https:\\\/\\\/colegio-santagema.es\\\/actividades-y-servicios\\\/uniforme-colegio\\\/#primaryimage\"},\"image\":{\"@id\":\"https:\\\/\\\/colegio-santagema.es\\\/actividades-y-servicios\\\/uniforme-colegio\\\/#primaryimage\"},\"thumbnailUrl\":\"https:\\\/\\\/colegio-santagema.es\\\/wp-content\\\/uploads\\\/2025\\\/01\\\/UNIF.png\",\"datePublished\":\"2025-01-16T10:38:16+00:00\",\"dateModified\":\"2025-10-03T07:37:09+00:00\",\"description\":\"El uniforme del Colegio Santa Gema refleja identidad y comodidad, acompa\u00f1ando a los alumnos en su vida escolar.\",\"breadcrumb\":{\"@id\":\"https:\\\/\\\/colegio-santagema.es\\\/actividades-y-servicios\\\/uniforme-colegio\\\/#breadcrumb\"},\"inLanguage\":\"en-GB\",\"potentialAction\":[{\"@type\":\"ReadAction\",\"target\":[\"https:\\\/\\\/colegio-santagema.es\\\/actividades-y-servicios\\\/uniforme-colegio\\\/\"]}]},{\"@type\":\"ImageObject\",\"inLanguage\":\"en-GB\",\"@id\":\"https:\\\/\\\/colegio-santagema.es\\\/actividades-y-servicios\\\/uniforme-colegio\\\/#primaryimage\",\"url\":\"https:\\\/\\\/colegio-santagema.es\\\/wp-content\\\/uploads\\\/2025\\\/01\\\/UNIF.png\",\"contentUrl\":\"https:\\\/\\\/colegio-santagema.es\\\/wp-content\\\/uploads\\\/2025\\\/01\\\/UNIF.png\",\"width\":1706,\"height\":1189,\"caption\":\"Imagen del uniforme\"},{\"@type\":\"BreadcrumbList\",\"@id\":\"https:\\\/\\\/colegio-santagema.es\\\/actividades-y-servicios\\\/uniforme-colegio\\\/#breadcrumb\",\"itemListElement\":[{\"@type\":\"ListItem\",\"position\":1,\"name\":\"Portada\",\"item\":\"https:\\\/\\\/colegio-santagema.es\\\/\"},{\"@type\":\"ListItem\",\"position\":2,\"name\":\"Actividades y Servicios\",\"item\":\"https:\\\/\\\/colegio-santagema.es\\\/actividades-y-servicios\\\/\"},{\"@type\":\"ListItem\",\"position\":3,\"name\":\"Uniforme\"}]},{\"@type\":\"WebSite\",\"@id\":\"https:\\\/\\\/colegio-santagema.es\\\/#website\",\"url\":\"https:\\\/\\\/colegio-santagema.es\\\/\",\"name\":\"Colegio Santa Gema Galgani\",\"description\":\"Un colegio vivo que afronta el continuo cambio de la sociedad actual.\",\"publisher\":{\"@id\":\"https:\\\/\\\/colegio-santagema.es\\\/#organization\"},\"potentialAction\":[{\"@type\":\"SearchAction\",\"target\":{\"@type\":\"EntryPoint\",\"urlTemplate\":\"https:\\\/\\\/colegio-santagema.es\\\/?s={search_term_string}\"},\"query-input\":{\"@type\":\"PropertyValueSpecification\",\"valueRequired\":true,\"valueName\":\"search_term_string\"}}],\"inLanguage\":\"en-GB\"},{\"@type\":\"Organization\",\"@id\":\"https:\\\/\\\/colegio-santagema.es\\\/#organization\",\"name\":\"Colegio Santa Gema Galgani\",\"url\":\"https:\\\/\\\/colegio-santagema.es\\\/\",\"logo\":{\"@type\":\"ImageObject\",\"inLanguage\":\"en-GB\",\"@id\":\"https:\\\/\\\/colegio-santagema.es\\\/#\\\/schema\\\/logo\\\/image\\\/\",\"url\":\"https:\\\/\\\/colegio-santagema.es\\\/wp-content\\\/uploads\\\/2024\\\/12\\\/cropped-Logo-Santa-Gema.png\",\"contentUrl\":\"https:\\\/\\\/colegio-santagema.es\\\/wp-content\\\/uploads\\\/2024\\\/12\\\/cropped-Logo-Santa-Gema.png\",\"width\":512,\"height\":512,\"caption\":\"Colegio Santa Gema Galgani\"},\"image\":{\"@id\":\"https:\\\/\\\/colegio-santagema.es\\\/#\\\/schema\\\/logo\\\/image\\\/\"},\"sameAs\":[\"https:\\\/\\\/www.facebook.com\\\/colegiosantagema\",\"https:\\\/\\\/x.com\\\/ColeSantaGema\",\"https:\\\/\\\/www.instagram.com\\\/colegiosantagema\\\/\",\"https:\\\/\\\/www.linkedin.com\\\/company\\\/colegio-santa-gema-galgani\\\/\"]}]}<\/script>\n<!-- \/ Yoast SEO plugin. -->","yoast_head_json":{"title":"Uniforme del Colegio Santa Gema | Identidad y Comodidad para Estudiantes","description":"El uniforme del Colegio Santa Gema refleja identidad y comodidad, acompa\u00f1ando a los alumnos en su vida escolar.","robots":{"index":"index","follow":"follow","max-snippet":"max-snippet:-1","max-image-preview":"max-image-preview:large","max-video-preview":"max-video-preview:-1"},"canonical":"https:\/\/colegio-santagema.es\/en\/actividades-y-servicios\/uniforme-colegio\/","og_locale":"en_GB","og_type":"article","og_title":"Uniforme del Colegio Santa Gema | Identidad y Comodidad para Estudiantes","og_description":"El uniforme del Colegio Santa Gema refleja identidad y comodidad, acompa\u00f1ando a los alumnos en su vida escolar.","og_url":"https:\/\/colegio-santagema.es\/en\/actividades-y-servicios\/uniforme-colegio\/","og_site_name":"Colegio Santa Gema Galgani","article_publisher":"https:\/\/www.facebook.com\/colegiosantagema","article_modified_time":"2025-10-03T07:37:09+00:00","og_image":[{"width":1706,"height":1189,"url":"https:\/\/colegio-santagema.es\/wp-content\/uploads\/2025\/01\/UNIF.png","type":"image\/png"}],"twitter_card":"summary_large_image","twitter_site":"@ColeSantaGema","twitter_misc":{"Estimated reading time":"2 minutes"},"schema":{"@context":"https:\/\/schema.org","@graph":[{"@type":"WebPage","@id":"https:\/\/colegio-santagema.es\/actividades-y-servicios\/uniforme-colegio\/","url":"https:\/\/colegio-santagema.es\/actividades-y-servicios\/uniforme-colegio\/","name":"Uniforme del Colegio Santa Gema | Identidad y Comodidad para Estudiantes","isPartOf":{"@id":"https:\/\/colegio-santagema.es\/#website"},"primaryImageOfPage":{"@id":"https:\/\/colegio-santagema.es\/actividades-y-servicios\/uniforme-colegio\/#primaryimage"},"image":{"@id":"https:\/\/colegio-santagema.es\/actividades-y-servicios\/uniforme-colegio\/#primaryimage"},"thumbnailUrl":"https:\/\/colegio-santagema.es\/wp-content\/uploads\/2025\/01\/UNIF.png","datePublished":"2025-01-16T10:38:16+00:00","dateModified":"2025-10-03T07:37:09+00:00","description":"El uniforme del Colegio Santa Gema refleja identidad y comodidad, acompa\u00f1ando a los alumnos en su vida escolar.","breadcrumb":{"@id":"https:\/\/colegio-santagema.es\/actividades-y-servicios\/uniforme-colegio\/#breadcrumb"},"inLanguage":"en-GB","potentialAction":[{"@type":"ReadAction","target":["https:\/\/colegio-santagema.es\/actividades-y-servicios\/uniforme-colegio\/"]}]},{"@type":"ImageObject","inLanguage":"en-GB","@id":"https:\/\/colegio-santagema.es\/actividades-y-servicios\/uniforme-colegio\/#primaryimage","url":"https:\/\/colegio-santagema.es\/wp-content\/uploads\/2025\/01\/UNIF.png","contentUrl":"https:\/\/colegio-santagema.es\/wp-content\/uploads\/2025\/01\/UNIF.png","width":1706,"height":1189,"caption":"Imagen del uniforme"},{"@type":"BreadcrumbList","@id":"https:\/\/colegio-santagema.es\/actividades-y-servicios\/uniforme-colegio\/#breadcrumb","itemListElement":[{"@type":"ListItem","position":1,"name":"Portada","item":"https:\/\/colegio-santagema.es\/"},{"@type":"ListItem","position":2,"name":"Actividades y Servicios","item":"https:\/\/colegio-santagema.es\/actividades-y-servicios\/"},{"@type":"ListItem","position":3,"name":"Uniforme"}]},{"@type":"WebSite","@id":"https:\/\/colegio-santagema.es\/#website","url":"https:\/\/colegio-santagema.es\/","name":"Colegio Santa Gema Galgani","description":"Un colegio vivo que afronta el continuo cambio de la sociedad actual.","publisher":{"@id":"https:\/\/colegio-santagema.es\/#organization"},"potentialAction":[{"@type":"SearchAction","target":{"@type":"EntryPoint","urlTemplate":"https:\/\/colegio-santagema.es\/?s={search_term_string}"},"query-input":{"@type":"PropertyValueSpecification","valueRequired":true,"valueName":"search_term_string"}}],"inLanguage":"en-GB"},{"@type":"Organization","@id":"https:\/\/colegio-santagema.es\/#organization","name":"Colegio Santa Gema Galgani","url":"https:\/\/colegio-santagema.es\/","logo":{"@type":"ImageObject","inLanguage":"en-GB","@id":"https:\/\/colegio-santagema.es\/#\/schema\/logo\/image\/","url":"https:\/\/colegio-santagema.es\/wp-content\/uploads\/2024\/12\/cropped-Logo-Santa-Gema.png","contentUrl":"https:\/\/colegio-santagema.es\/wp-content\/uploads\/2024\/12\/cropped-Logo-Santa-Gema.png","width":512,"height":512,"caption":"Colegio Santa Gema Galgani"},"image":{"@id":"https:\/\/colegio-santagema.es\/#\/schema\/logo\/image\/"},"sameAs":["https:\/\/www.facebook.com\/colegiosantagema","https:\/\/x.com\/ColeSantaGema","https:\/\/www.instagram.com\/colegiosantagema\/","https:\/\/www.linkedin.com\/company\/colegio-santa-gema-galgani\/"]}]}},"_links":{"self":[{"href":"https:\/\/colegio-santagema.es\/en\/wp-json\/wp\/v2\/pages\/1592","targetHints":{"allow":["GET"]}}],"collection":[{"href":"https:\/\/colegio-santagema.es\/en\/wp-json\/wp\/v2\/pages"}],"about":[{"href":"https:\/\/colegio-santagema.es\/en\/wp-json\/wp\/v2\/types\/page"}],"author":[{"embeddable":true,"href":"https:\/\/colegio-santagema.es\/en\/wp-json\/wp\/v2\/users\/1"}],"replies":[{"embeddable":true,"href":"https:\/\/colegio-santagema.es\/en\/wp-json\/wp\/v2\/comments?post=1592"}],"version-history":[{"count":0,"href":"https:\/\/colegio-santagema.es\/en\/wp-json\/wp\/v2\/pages\/1592\/revisions"}],"up":[{"embeddable":true,"href":"https:\/\/colegio-santagema.es\/en\/wp-json\/wp\/v2\/pages\/1309"}],"wp:featuredmedia":[{"embeddable":true,"href":"https:\/\/colegio-santagema.es\/en\/wp-json\/wp\/v2\/media\/1617"}],"wp:attachment":[{"href":"https:\/\/colegio-santagema.es\/en\/wp-json\/wp\/v2\/media?parent=1592"}],"curies":[{"name":"wp","href":"https:\/\/api.w.org\/{rel}","templated":true}]}}