{"id":1115,"date":"2025-01-08T11:40:54","date_gmt":"2025-01-08T11:40:54","guid":{"rendered":"https:\/\/santa-gema.somospecesvoladores.com\/?page_id=1115"},"modified":"2025-09-30T07:37:18","modified_gmt":"2025-09-30T07:37:18","slug":"etapas-educativas","status":"publish","type":"page","link":"https:\/\/colegio-santagema.es\/en\/etapas-educativas\/","title":{"rendered":"Educational Stages"},"content":{"rendered":"<div data-elementor-type=\"wp-page\" data-elementor-id=\"1115\" class=\"elementor elementor-1115\" data-elementor-settings=\"{&quot;ha_cmc_init_switcher&quot;:&quot;no&quot;}\" data-elementor-post-type=\"page\">\n\t\t\t\t<div class=\"elementor-element elementor-element-82d69e3 e-flex e-con-boxed e-con e-parent\" data-id=\"82d69e3\" data-element_type=\"container\" data-e-type=\"container\" data-settings=\"{&quot;background_background&quot;:&quot;classic&quot;,&quot;shape_divider_bottom&quot;:&quot;waves&quot;,&quot;shape_divider_bottom_negative&quot;:&quot;yes&quot;,&quot;_ha_eqh_enable&quot;:false}\">\n\t\t\t\t\t<div class=\"e-con-inner\">\n\t\t\t\t<div class=\"elementor-shape elementor-shape-bottom\" aria-hidden=\"true\" data-negative=\"true\">\n\t\t\t<svg xmlns=\"http:\/\/www.w3.org\/2000\/svg\" viewbox=\"0 0 1000 100\" preserveaspectratio=\"none\">\n\t<path class=\"elementor-shape-fill\" d=\"M790.5,93.1c-59.3-5.3-116.8-18-192.6-50c-29.6-12.7-76.9-31-100.5-35.9c-23.6-4.9-52.6-7.8-75.5-5.3\tc-10.2,1.1-22.6,1.4-50.1,7.4c-27.2,6.3-58.2,16.6-79.4,24.7c-41.3,15.9-94.9,21.9-134,22.6C72,58.2,0,25.8,0,25.8V100h1000V65.3\tc0,0-51.5,19.4-106.2,25.7C839.5,97,814.1,95.2,790.5,93.1z\"\/>\n<\/svg>\t\t<\/div>\n\t\t<div class=\"elementor-element elementor-element-53283d5 e-con-full animated-slow e-flex elementor-invisible e-con e-child\" data-id=\"53283d5\" data-element_type=\"container\" data-e-type=\"container\" data-settings=\"{&quot;animation&quot;:&quot;fadeInUp&quot;,&quot;_ha_eqh_enable&quot;:false}\">\n\t\t\t\t<div class=\"elementor-element elementor-element-40d1231 elementor-widget elementor-widget-heading\" data-id=\"40d1231\" data-element_type=\"widget\" data-e-type=\"widget\" data-widget_type=\"heading.default\">\n\t\t\t\t<div class=\"elementor-widget-container\">\n\t\t\t\t\t<h1 class=\"elementor-heading-title elementor-size-default\">EDUCATIONAL STAGES<\/h1>\t\t\t\t<\/div>\n\t\t\t\t<\/div>\n\t\t\t\t<\/div>\n\t\t\t\t\t<\/div>\n\t\t\t\t<\/div>\n\t\t<div class=\"elementor-element elementor-element-54b2171 e-flex e-con-boxed e-con e-parent\" data-id=\"54b2171\" data-element_type=\"container\" data-e-type=\"container\" data-settings=\"{&quot;_ha_eqh_enable&quot;:false}\">\n\t\t\t\t\t<div class=\"e-con-inner\">\n\t\t<div class=\"elementor-element elementor-element-41f7089 e-con-full e-flex e-con e-child\" data-id=\"41f7089\" data-element_type=\"container\" data-e-type=\"container\" data-settings=\"{&quot;_ha_eqh_enable&quot;:false}\">\n\t\t\t\t<div class=\"elementor-element elementor-element-fb4f47a elementor-flip-box--direction-left elementor-flip-box--3d elementor-flip-box--effect-flip elementor-widget elementor-widget-flip-box\" data-id=\"fb4f47a\" data-element_type=\"widget\" data-e-type=\"widget\" data-widget_type=\"flip-box.default\">\n\t\t\t\t<div class=\"elementor-widget-container\">\n\t\t\t\t\t\t\t<div class=\"elementor-flip-box\" tabindex=\"0\">\n\t\t\t<div class=\"elementor-flip-box__layer elementor-flip-box__front\">\n\t\t\t\t<div class=\"elementor-flip-box__layer__overlay\">\n\t\t\t\t\t<div class=\"elementor-flip-box__layer__inner\">\n\t\t\t\t\t\t\t\t\t\t\t\t\t<div class=\"elementor-flip-box__image\">\n\t\t\t\t\t\t\t\t<img fetchpriority=\"high\" decoding=\"async\" width=\"1070\" height=\"1109\" src=\"https:\/\/colegio-santagema.es\/wp-content\/uploads\/2024\/12\/LOGO-SANTA-GEMITA-OK-CIRCULO.png\" class=\"attachment-full size-full wp-image-247\" alt=\"Logo Santa Gemita\" srcset=\"https:\/\/colegio-santagema.es\/wp-content\/uploads\/2024\/12\/LOGO-SANTA-GEMITA-OK-CIRCULO.png 1070w, https:\/\/colegio-santagema.es\/wp-content\/uploads\/2024\/12\/LOGO-SANTA-GEMITA-OK-CIRCULO-289x300.png 289w, https:\/\/colegio-santagema.es\/wp-content\/uploads\/2024\/12\/LOGO-SANTA-GEMITA-OK-CIRCULO-988x1024.png 988w, https:\/\/colegio-santagema.es\/wp-content\/uploads\/2024\/12\/LOGO-SANTA-GEMITA-OK-CIRCULO-768x796.png 768w\" sizes=\"(max-width: 1070px) 100vw, 1070px\" \/>\t\t\t\t\t\t\t<\/div>\n\t\t\t\t\t\t\n\t\t\t\t\t\t\t\t\t\t\t\t\t<h3 class=\"elementor-flip-box__layer__title\">\n\t\t\t\t\t\t\t\tSANTA GEMITA\t\t\t\t\t\t\t<\/h3>\n\t\t\t\t\t\t\n\t\t\t\t\t\t\t\t\t\t\t<\/div>\n\t\t\t\t<\/div>\n\t\t\t<\/div>\n\t\t\t<a class=\"elementor-flip-box__layer elementor-flip-box__back\" href=\"https:\/\/colegio-santagema.es\/en\/santa-gemita\/\">\n\t\t\t<div class=\"elementor-flip-box__layer__overlay\">\n\t\t\t\t<div class=\"elementor-flip-box__layer__inner\">\n\t\t\t\t\t\n\t\t\t\t\t\n\t\t\t\t\t\t\t\t\t\t\t<span class=\"elementor-flip-box__button elementor-button elementor-size-sm\">\n\t\t\t\t\t\t\tSEE STAGE\t\t\t\t\t\t<\/span>\n\t\t\t\t\t\t\t\t<\/div>\n\t\t<\/div>\n\t\t<\/a>\n\t\t<\/div>\n\t\t\t\t\t\t<\/div>\n\t\t\t\t<\/div>\n\t\t\t\t<div class=\"elementor-element elementor-element-8b7d0d3 elementor-flip-box--direction-left elementor-flip-box--3d elementor-flip-box--effect-flip elementor-widget elementor-widget-flip-box\" data-id=\"8b7d0d3\" data-element_type=\"widget\" data-e-type=\"widget\" data-widget_type=\"flip-box.default\">\n\t\t\t\t<div class=\"elementor-widget-container\">\n\t\t\t\t\t\t\t<div class=\"elementor-flip-box\" tabindex=\"0\">\n\t\t\t<div class=\"elementor-flip-box__layer elementor-flip-box__front\">\n\t\t\t\t<div class=\"elementor-flip-box__layer__overlay\">\n\t\t\t\t\t<div class=\"elementor-flip-box__layer__inner\">\n\t\t\t\t\t\t\t\t\t\t\t\t\t<div class=\"elementor-icon-wrapper elementor-view-default\">\n\t\t\t\t\t\t\t\t<div class=\"elementor-icon\">\n\t\t\t\t\t\t\t\t\t<i aria-hidden=\"true\" class=\"huge huge-baby-01\"><\/i>\t\t\t\t\t\t\t\t<\/div>\n\t\t\t\t\t\t\t<\/div>\n\t\t\t\t\t\t\n\t\t\t\t\t\t\t\t\t\t\t\t\t<h3 class=\"elementor-flip-box__layer__title\">\n\t\t\t\t\t\t\t\tEARLY CHILDHOOD EDUCATION\t\t\t\t\t\t\t<\/h3>\n\t\t\t\t\t\t\n\t\t\t\t\t\t\t\t\t\t\t<\/div>\n\t\t\t\t<\/div>\n\t\t\t<\/div>\n\t\t\t<a class=\"elementor-flip-box__layer elementor-flip-box__back\" href=\"https:\/\/colegio-santagema.es\/en\/educacion-infantil\/\">\n\t\t\t<div class=\"elementor-flip-box__layer__overlay\">\n\t\t\t\t<div class=\"elementor-flip-box__layer__inner\">\n\t\t\t\t\t\n\t\t\t\t\t\n\t\t\t\t\t\t\t\t\t\t\t<span class=\"elementor-flip-box__button elementor-button elementor-size-sm\">\n\t\t\t\t\t\t\tSEE STAGE\t\t\t\t\t\t<\/span>\n\t\t\t\t\t\t\t\t<\/div>\n\t\t<\/div>\n\t\t<\/a>\n\t\t<\/div>\n\t\t\t\t\t\t<\/div>\n\t\t\t\t<\/div>\n\t\t\t\t<div class=\"elementor-element elementor-element-a38004d elementor-flip-box--direction-left elementor-flip-box--3d elementor-flip-box--effect-flip elementor-widget elementor-widget-flip-box\" data-id=\"a38004d\" data-element_type=\"widget\" data-e-type=\"widget\" data-widget_type=\"flip-box.default\">\n\t\t\t\t<div class=\"elementor-widget-container\">\n\t\t\t\t\t\t\t<div class=\"elementor-flip-box\" tabindex=\"0\">\n\t\t\t<div class=\"elementor-flip-box__layer elementor-flip-box__front\">\n\t\t\t\t<div class=\"elementor-flip-box__layer__overlay\">\n\t\t\t\t\t<div class=\"elementor-flip-box__layer__inner\">\n\t\t\t\t\t\t\t\t\t\t\t\t\t<div class=\"elementor-icon-wrapper elementor-view-default\">\n\t\t\t\t\t\t\t\t<div class=\"elementor-icon\">\n\t\t\t\t\t\t\t\t\t<i aria-hidden=\"true\" class=\"huge huge-board-math\"><\/i>\t\t\t\t\t\t\t\t<\/div>\n\t\t\t\t\t\t\t<\/div>\n\t\t\t\t\t\t\n\t\t\t\t\t\t\t\t\t\t\t\t\t<h3 class=\"elementor-flip-box__layer__title\">\n\t\t\t\t\t\t\t\tPRIMARY EDUCATION\t\t\t\t\t\t\t<\/h3>\n\t\t\t\t\t\t\n\t\t\t\t\t\t\t\t\t\t\t<\/div>\n\t\t\t\t<\/div>\n\t\t\t<\/div>\n\t\t\t<a class=\"elementor-flip-box__layer elementor-flip-box__back\" href=\"https:\/\/colegio-santagema.es\/en\/educacion-primaria\/\">\n\t\t\t<div class=\"elementor-flip-box__layer__overlay\">\n\t\t\t\t<div class=\"elementor-flip-box__layer__inner\">\n\t\t\t\t\t\n\t\t\t\t\t\n\t\t\t\t\t\t\t\t\t\t\t<span class=\"elementor-flip-box__button elementor-button elementor-size-sm\">\n\t\t\t\t\t\t\tSEE STAGE\t\t\t\t\t\t<\/span>\n\t\t\t\t\t\t\t\t<\/div>\n\t\t<\/div>\n\t\t<\/a>\n\t\t<\/div>\n\t\t\t\t\t\t<\/div>\n\t\t\t\t<\/div>\n\t\t\t\t<\/div>\n\t\t<div class=\"elementor-element elementor-element-c4205ba e-con-full e-flex e-con e-child\" data-id=\"c4205ba\" data-element_type=\"container\" data-e-type=\"container\" data-settings=\"{&quot;_ha_eqh_enable&quot;:false}\">\n\t\t\t\t<div class=\"elementor-element elementor-element-bb228f2 elementor-widget elementor-widget-spacer\" data-id=\"bb228f2\" data-element_type=\"widget\" data-e-type=\"widget\" data-widget_type=\"spacer.default\">\n\t\t\t\t<div class=\"elementor-widget-container\">\n\t\t\t\t\t\t\t<div class=\"elementor-spacer\">\n\t\t\t<div class=\"elementor-spacer-inner\"><\/div>\n\t\t<\/div>\n\t\t\t\t\t\t<\/div>\n\t\t\t\t<\/div>\n\t\t\t\t<div class=\"elementor-element elementor-element-d4f68c0 elementor-flip-box--direction-left elementor-flip-box--3d elementor-flip-box--effect-flip elementor-widget elementor-widget-flip-box\" data-id=\"d4f68c0\" data-element_type=\"widget\" data-e-type=\"widget\" data-widget_type=\"flip-box.default\">\n\t\t\t\t<div class=\"elementor-widget-container\">\n\t\t\t\t\t\t\t<div class=\"elementor-flip-box\" tabindex=\"0\">\n\t\t\t<div class=\"elementor-flip-box__layer elementor-flip-box__front\">\n\t\t\t\t<div class=\"elementor-flip-box__layer__overlay\">\n\t\t\t\t\t<div class=\"elementor-flip-box__layer__inner\">\n\t\t\t\t\t\t\t\t\t\t\t\t\t<div class=\"elementor-icon-wrapper elementor-view-default\">\n\t\t\t\t\t\t\t\t<div class=\"elementor-icon\">\n\t\t\t\t\t\t\t\t\t<i aria-hidden=\"true\" class=\"huge huge-backpack-01\"><\/i>\t\t\t\t\t\t\t\t<\/div>\n\t\t\t\t\t\t\t<\/div>\n\t\t\t\t\t\t\n\t\t\t\t\t\t\t\t\t\t\t\t\t<h3 class=\"elementor-flip-box__layer__title\">\n\t\t\t\t\t\t\t\tSECONDARY EDUCATION\t\t\t\t\t\t\t<\/h3>\n\t\t\t\t\t\t\n\t\t\t\t\t\t\t\t\t\t\t<\/div>\n\t\t\t\t<\/div>\n\t\t\t<\/div>\n\t\t\t<a class=\"elementor-flip-box__layer elementor-flip-box__back\" href=\"https:\/\/colegio-santagema.es\/en\/educacion-secundaria\/\">\n\t\t\t<div class=\"elementor-flip-box__layer__overlay\">\n\t\t\t\t<div class=\"elementor-flip-box__layer__inner\">\n\t\t\t\t\t\n\t\t\t\t\t\n\t\t\t\t\t\t\t\t\t\t\t<span class=\"elementor-flip-box__button elementor-button elementor-size-sm\">\n\t\t\t\t\t\t\tSEE STAGE\t\t\t\t\t\t<\/span>\n\t\t\t\t\t\t\t\t<\/div>\n\t\t<\/div>\n\t\t<\/a>\n\t\t<\/div>\n\t\t\t\t\t\t<\/div>\n\t\t\t\t<\/div>\n\t\t\t\t<div class=\"elementor-element elementor-element-5f4238b elementor-flip-box--direction-left elementor-flip-box--3d elementor-flip-box--effect-flip elementor-widget elementor-widget-flip-box\" data-id=\"5f4238b\" data-element_type=\"widget\" data-e-type=\"widget\" data-widget_type=\"flip-box.default\">\n\t\t\t\t<div class=\"elementor-widget-container\">\n\t\t\t\t\t\t\t<div class=\"elementor-flip-box\" tabindex=\"0\">\n\t\t\t<div class=\"elementor-flip-box__layer elementor-flip-box__front\">\n\t\t\t\t<div class=\"elementor-flip-box__layer__overlay\">\n\t\t\t\t\t<div class=\"elementor-flip-box__layer__inner\">\n\t\t\t\t\t\t\t\t\t\t\t\t\t<div class=\"elementor-flip-box__image\">\n\t\t\t\t\t\t\t\t<img decoding=\"async\" width=\"1205\" height=\"1205\" data-src=\"https:\/\/colegio-santagema.es\/wp-content\/uploads\/2025\/01\/Logo-Bachillerato.png\" class=\"attachment-full size-full wp-image-1052 lazyload\" alt=\"Logo Bachillerato\" data-srcset=\"https:\/\/colegio-santagema.es\/wp-content\/uploads\/2025\/01\/Logo-Bachillerato.png 1205w, https:\/\/colegio-santagema.es\/wp-content\/uploads\/2025\/01\/Logo-Bachillerato-300x300.png 300w, https:\/\/colegio-santagema.es\/wp-content\/uploads\/2025\/01\/Logo-Bachillerato-1024x1024.png 1024w, https:\/\/colegio-santagema.es\/wp-content\/uploads\/2025\/01\/Logo-Bachillerato-150x150.png 150w, https:\/\/colegio-santagema.es\/wp-content\/uploads\/2025\/01\/Logo-Bachillerato-768x768.png 768w\" data-sizes=\"(max-width: 1205px) 100vw, 1205px\" src=\"data:image\/svg+xml;base64,PHN2ZyB3aWR0aD0iMSIgaGVpZ2h0PSIxIiB4bWxucz0iaHR0cDovL3d3dy53My5vcmcvMjAwMC9zdmciPjwvc3ZnPg==\" style=\"--smush-placeholder-width: 1205px; --smush-placeholder-aspect-ratio: 1205\/1205;\" \/>\t\t\t\t\t\t\t<\/div>\n\t\t\t\t\t\t\n\t\t\t\t\t\t\t\t\t\t\t\t\t<h3 class=\"elementor-flip-box__layer__title\">\n\t\t\t\t\t\t\t\tBACCALAUREATE\t\t\t\t\t\t\t<\/h3>\n\t\t\t\t\t\t\n\t\t\t\t\t\t\t\t\t\t\t<\/div>\n\t\t\t\t<\/div>\n\t\t\t<\/div>\n\t\t\t<a class=\"elementor-flip-box__layer elementor-flip-box__back\" href=\"https:\/\/colegio-santagema.es\/en\/bachillerato\/\">\n\t\t\t<div class=\"elementor-flip-box__layer__overlay\">\n\t\t\t\t<div class=\"elementor-flip-box__layer__inner\">\n\t\t\t\t\t\n\t\t\t\t\t\n\t\t\t\t\t\t\t\t\t\t\t<span class=\"elementor-flip-box__button elementor-button elementor-size-sm\">\n\t\t\t\t\t\t\tSEE STAGE\t\t\t\t\t\t<\/span>\n\t\t\t\t\t\t\t\t<\/div>\n\t\t<\/div>\n\t\t<\/a>\n\t\t<\/div>\n\t\t\t\t\t\t<\/div>\n\t\t\t\t<\/div>\n\t\t\t\t<div class=\"elementor-element elementor-element-702f8cd elementor-widget elementor-widget-spacer\" data-id=\"702f8cd\" data-element_type=\"widget\" data-e-type=\"widget\" data-widget_type=\"spacer.default\">\n\t\t\t\t<div class=\"elementor-widget-container\">\n\t\t\t\t\t\t\t<div class=\"elementor-spacer\">\n\t\t\t<div class=\"elementor-spacer-inner\"><\/div>\n\t\t<\/div>\n\t\t\t\t\t\t<\/div>\n\t\t\t\t<\/div>\n\t\t\t\t<\/div>\n\t\t\t\t\t<\/div>\n\t\t\t\t<\/div>\n\t\t\t\t<\/div>","protected":false},"excerpt":{"rendered":"<p>ETAPAS EDUCATIVAS SANTA GEMITA VER ETAPA EDUCACI\u00d3N INFANTIL VER ETAPA EDUCACI\u00d3N PRIMARIA VER ETAPA EDUCACI\u00d3N SECUNDARIA VER ETAPA BACHILLERATO VER ETAPA<\/p>","protected":false},"author":1,"featured_media":1121,"parent":0,"menu_order":3,"comment_status":"closed","ping_status":"closed","template":"elementor_header_footer","meta":{"_acf_changed":false,"om_disable_all_campaigns":false,"_joinchat":[],"footnotes":""},"class_list":["post-1115","page","type-page","status-publish","has-post-thumbnail","hentry"],"acf":[],"yoast_head":"<!-- This site is optimized with the Yoast SEO plugin v27.4 - https:\/\/yoast.com\/product\/yoast-seo-wordpress\/ -->\n<title>Etapas Educativas - Colegio Santa Gema Galgani<\/title>\n<meta name=\"description\" content=\"Descubre las distintas etapas educativas en Santa Gema: un recorrido de aprendizaje y crecimiento adaptado a cada nivel escolar.\" \/>\n<meta name=\"robots\" content=\"index, follow, max-snippet:-1, max-image-preview:large, max-video-preview:-1\" \/>\n<link rel=\"canonical\" href=\"https:\/\/colegio-santagema.es\/en\/etapas-educativas\/\" \/>\n<meta property=\"og:locale\" content=\"en_GB\" \/>\n<meta property=\"og:type\" content=\"article\" \/>\n<meta property=\"og:title\" content=\"Etapas Educativas - Colegio Santa Gema Galgani\" \/>\n<meta property=\"og:description\" content=\"Descubre las distintas etapas educativas en Santa Gema: un recorrido de aprendizaje y crecimiento adaptado a cada nivel escolar.\" \/>\n<meta property=\"og:url\" content=\"https:\/\/colegio-santagema.es\/en\/etapas-educativas\/\" \/>\n<meta property=\"og:site_name\" content=\"Colegio Santa Gema Galgani\" \/>\n<meta property=\"article:publisher\" content=\"https:\/\/www.facebook.com\/colegiosantagema\" \/>\n<meta property=\"article:modified_time\" content=\"2025-09-30T07:37:18+00:00\" \/>\n<meta property=\"og:image\" content=\"https:\/\/colegio-santagema.es\/wp-content\/uploads\/2025\/01\/1.jpg\" \/>\n\t<meta property=\"og:image:width\" content=\"1920\" \/>\n\t<meta property=\"og:image:height\" content=\"1080\" \/>\n\t<meta property=\"og:image:type\" content=\"image\/jpeg\" \/>\n<meta name=\"twitter:card\" content=\"summary_large_image\" \/>\n<meta name=\"twitter:site\" content=\"@ColeSantaGema\" \/>\n<meta name=\"twitter:label1\" content=\"Estimated reading time\" \/>\n\t<meta name=\"twitter:data1\" content=\"1 minute\" \/>\n<script type=\"application\/ld+json\" class=\"yoast-schema-graph\">{\"@context\":\"https:\\\/\\\/schema.org\",\"@graph\":[{\"@type\":\"WebPage\",\"@id\":\"https:\\\/\\\/colegio-santagema.es\\\/etapas-educativas\\\/\",\"url\":\"https:\\\/\\\/colegio-santagema.es\\\/etapas-educativas\\\/\",\"name\":\"Etapas Educativas - Colegio Santa Gema Galgani\",\"isPartOf\":{\"@id\":\"https:\\\/\\\/colegio-santagema.es\\\/#website\"},\"primaryImageOfPage\":{\"@id\":\"https:\\\/\\\/colegio-santagema.es\\\/etapas-educativas\\\/#primaryimage\"},\"image\":{\"@id\":\"https:\\\/\\\/colegio-santagema.es\\\/etapas-educativas\\\/#primaryimage\"},\"thumbnailUrl\":\"https:\\\/\\\/colegio-santagema.es\\\/wp-content\\\/uploads\\\/2025\\\/01\\\/1.jpg\",\"datePublished\":\"2025-01-08T11:40:54+00:00\",\"dateModified\":\"2025-09-30T07:37:18+00:00\",\"description\":\"Descubre las distintas etapas educativas en Santa Gema: un recorrido de aprendizaje y crecimiento adaptado a cada nivel escolar.\",\"breadcrumb\":{\"@id\":\"https:\\\/\\\/colegio-santagema.es\\\/etapas-educativas\\\/#breadcrumb\"},\"inLanguage\":\"en-GB\",\"potentialAction\":[{\"@type\":\"ReadAction\",\"target\":[\"https:\\\/\\\/colegio-santagema.es\\\/etapas-educativas\\\/\"]}]},{\"@type\":\"ImageObject\",\"inLanguage\":\"en-GB\",\"@id\":\"https:\\\/\\\/colegio-santagema.es\\\/etapas-educativas\\\/#primaryimage\",\"url\":\"https:\\\/\\\/colegio-santagema.es\\\/wp-content\\\/uploads\\\/2025\\\/01\\\/1.jpg\",\"contentUrl\":\"https:\\\/\\\/colegio-santagema.es\\\/wp-content\\\/uploads\\\/2025\\\/01\\\/1.jpg\",\"width\":1920,\"height\":1080,\"caption\":\"Fachada del colegio Santa Gema\"},{\"@type\":\"BreadcrumbList\",\"@id\":\"https:\\\/\\\/colegio-santagema.es\\\/etapas-educativas\\\/#breadcrumb\",\"itemListElement\":[{\"@type\":\"ListItem\",\"position\":1,\"name\":\"Portada\",\"item\":\"https:\\\/\\\/colegio-santagema.es\\\/\"},{\"@type\":\"ListItem\",\"position\":2,\"name\":\"Etapas Educativas\"}]},{\"@type\":\"WebSite\",\"@id\":\"https:\\\/\\\/colegio-santagema.es\\\/#website\",\"url\":\"https:\\\/\\\/colegio-santagema.es\\\/\",\"name\":\"Colegio Santa Gema Galgani\",\"description\":\"Un colegio vivo que afronta el continuo cambio de la sociedad actual.\",\"publisher\":{\"@id\":\"https:\\\/\\\/colegio-santagema.es\\\/#organization\"},\"potentialAction\":[{\"@type\":\"SearchAction\",\"target\":{\"@type\":\"EntryPoint\",\"urlTemplate\":\"https:\\\/\\\/colegio-santagema.es\\\/?s={search_term_string}\"},\"query-input\":{\"@type\":\"PropertyValueSpecification\",\"valueRequired\":true,\"valueName\":\"search_term_string\"}}],\"inLanguage\":\"en-GB\"},{\"@type\":\"Organization\",\"@id\":\"https:\\\/\\\/colegio-santagema.es\\\/#organization\",\"name\":\"Colegio Santa Gema Galgani\",\"url\":\"https:\\\/\\\/colegio-santagema.es\\\/\",\"logo\":{\"@type\":\"ImageObject\",\"inLanguage\":\"en-GB\",\"@id\":\"https:\\\/\\\/colegio-santagema.es\\\/#\\\/schema\\\/logo\\\/image\\\/\",\"url\":\"https:\\\/\\\/colegio-santagema.es\\\/wp-content\\\/uploads\\\/2024\\\/12\\\/cropped-Logo-Santa-Gema.png\",\"contentUrl\":\"https:\\\/\\\/colegio-santagema.es\\\/wp-content\\\/uploads\\\/2024\\\/12\\\/cropped-Logo-Santa-Gema.png\",\"width\":512,\"height\":512,\"caption\":\"Colegio Santa Gema Galgani\"},\"image\":{\"@id\":\"https:\\\/\\\/colegio-santagema.es\\\/#\\\/schema\\\/logo\\\/image\\\/\"},\"sameAs\":[\"https:\\\/\\\/www.facebook.com\\\/colegiosantagema\",\"https:\\\/\\\/x.com\\\/ColeSantaGema\",\"https:\\\/\\\/www.instagram.com\\\/colegiosantagema\\\/\",\"https:\\\/\\\/www.linkedin.com\\\/company\\\/colegio-santa-gema-galgani\\\/\"]}]}<\/script>\n<!-- \/ Yoast SEO plugin. -->","yoast_head_json":{"title":"Etapas Educativas - Colegio Santa Gema Galgani","description":"Descubre las distintas etapas educativas en Santa Gema: un recorrido de aprendizaje y crecimiento adaptado a cada nivel escolar.","robots":{"index":"index","follow":"follow","max-snippet":"max-snippet:-1","max-image-preview":"max-image-preview:large","max-video-preview":"max-video-preview:-1"},"canonical":"https:\/\/colegio-santagema.es\/en\/etapas-educativas\/","og_locale":"en_GB","og_type":"article","og_title":"Etapas Educativas - Colegio Santa Gema Galgani","og_description":"Descubre las distintas etapas educativas en Santa Gema: un recorrido de aprendizaje y crecimiento adaptado a cada nivel escolar.","og_url":"https:\/\/colegio-santagema.es\/en\/etapas-educativas\/","og_site_name":"Colegio Santa Gema Galgani","article_publisher":"https:\/\/www.facebook.com\/colegiosantagema","article_modified_time":"2025-09-30T07:37:18+00:00","og_image":[{"width":1920,"height":1080,"url":"https:\/\/colegio-santagema.es\/wp-content\/uploads\/2025\/01\/1.jpg","type":"image\/jpeg"}],"twitter_card":"summary_large_image","twitter_site":"@ColeSantaGema","twitter_misc":{"Estimated reading time":"1 minute"},"schema":{"@context":"https:\/\/schema.org","@graph":[{"@type":"WebPage","@id":"https:\/\/colegio-santagema.es\/etapas-educativas\/","url":"https:\/\/colegio-santagema.es\/etapas-educativas\/","name":"Etapas Educativas - Colegio Santa Gema Galgani","isPartOf":{"@id":"https:\/\/colegio-santagema.es\/#website"},"primaryImageOfPage":{"@id":"https:\/\/colegio-santagema.es\/etapas-educativas\/#primaryimage"},"image":{"@id":"https:\/\/colegio-santagema.es\/etapas-educativas\/#primaryimage"},"thumbnailUrl":"https:\/\/colegio-santagema.es\/wp-content\/uploads\/2025\/01\/1.jpg","datePublished":"2025-01-08T11:40:54+00:00","dateModified":"2025-09-30T07:37:18+00:00","description":"Descubre las distintas etapas educativas en Santa Gema: un recorrido de aprendizaje y crecimiento adaptado a cada nivel escolar.","breadcrumb":{"@id":"https:\/\/colegio-santagema.es\/etapas-educativas\/#breadcrumb"},"inLanguage":"en-GB","potentialAction":[{"@type":"ReadAction","target":["https:\/\/colegio-santagema.es\/etapas-educativas\/"]}]},{"@type":"ImageObject","inLanguage":"en-GB","@id":"https:\/\/colegio-santagema.es\/etapas-educativas\/#primaryimage","url":"https:\/\/colegio-santagema.es\/wp-content\/uploads\/2025\/01\/1.jpg","contentUrl":"https:\/\/colegio-santagema.es\/wp-content\/uploads\/2025\/01\/1.jpg","width":1920,"height":1080,"caption":"Fachada del colegio Santa Gema"},{"@type":"BreadcrumbList","@id":"https:\/\/colegio-santagema.es\/etapas-educativas\/#breadcrumb","itemListElement":[{"@type":"ListItem","position":1,"name":"Portada","item":"https:\/\/colegio-santagema.es\/"},{"@type":"ListItem","position":2,"name":"Etapas Educativas"}]},{"@type":"WebSite","@id":"https:\/\/colegio-santagema.es\/#website","url":"https:\/\/colegio-santagema.es\/","name":"Colegio Santa Gema Galgani","description":"Un colegio vivo que afronta el continuo cambio de la sociedad actual.","publisher":{"@id":"https:\/\/colegio-santagema.es\/#organization"},"potentialAction":[{"@type":"SearchAction","target":{"@type":"EntryPoint","urlTemplate":"https:\/\/colegio-santagema.es\/?s={search_term_string}"},"query-input":{"@type":"PropertyValueSpecification","valueRequired":true,"valueName":"search_term_string"}}],"inLanguage":"en-GB"},{"@type":"Organization","@id":"https:\/\/colegio-santagema.es\/#organization","name":"Colegio Santa Gema Galgani","url":"https:\/\/colegio-santagema.es\/","logo":{"@type":"ImageObject","inLanguage":"en-GB","@id":"https:\/\/colegio-santagema.es\/#\/schema\/logo\/image\/","url":"https:\/\/colegio-santagema.es\/wp-content\/uploads\/2024\/12\/cropped-Logo-Santa-Gema.png","contentUrl":"https:\/\/colegio-santagema.es\/wp-content\/uploads\/2024\/12\/cropped-Logo-Santa-Gema.png","width":512,"height":512,"caption":"Colegio Santa Gema Galgani"},"image":{"@id":"https:\/\/colegio-santagema.es\/#\/schema\/logo\/image\/"},"sameAs":["https:\/\/www.facebook.com\/colegiosantagema","https:\/\/x.com\/ColeSantaGema","https:\/\/www.instagram.com\/colegiosantagema\/","https:\/\/www.linkedin.com\/company\/colegio-santa-gema-galgani\/"]}]}},"_links":{"self":[{"href":"https:\/\/colegio-santagema.es\/en\/wp-json\/wp\/v2\/pages\/1115","targetHints":{"allow":["GET"]}}],"collection":[{"href":"https:\/\/colegio-santagema.es\/en\/wp-json\/wp\/v2\/pages"}],"about":[{"href":"https:\/\/colegio-santagema.es\/en\/wp-json\/wp\/v2\/types\/page"}],"author":[{"embeddable":true,"href":"https:\/\/colegio-santagema.es\/en\/wp-json\/wp\/v2\/users\/1"}],"replies":[{"embeddable":true,"href":"https:\/\/colegio-santagema.es\/en\/wp-json\/wp\/v2\/comments?post=1115"}],"version-history":[{"count":0,"href":"https:\/\/colegio-santagema.es\/en\/wp-json\/wp\/v2\/pages\/1115\/revisions"}],"wp:featuredmedia":[{"embeddable":true,"href":"https:\/\/colegio-santagema.es\/en\/wp-json\/wp\/v2\/media\/1121"}],"wp:attachment":[{"href":"https:\/\/colegio-santagema.es\/en\/wp-json\/wp\/v2\/media?parent=1115"}],"curies":[{"name":"wp","href":"https:\/\/api.w.org\/{rel}","templated":true}]}}